{"id":1793,"date":"2025-05-27T14:24:21","date_gmt":"2025-05-27T14:24:21","guid":{"rendered":"https:\/\/hausmartina-ehrwald.at\/?page_id=1793"},"modified":"2025-05-27T14:30:35","modified_gmt":"2025-05-27T14:30:35","slug":"datenschutzerklarung","status":"publish","type":"page","link":"https:\/\/hausmartina-ehrwald.at\/?page_id=1793","title":{"rendered":"Datenschutz"},"content":{"rendered":"\t\t<div data-elementor-type=\"wp-page\" data-elementor-id=\"1793\" class=\"elementor elementor-1793\">\n\t\t\t\t<div class=\"elementor-element elementor-element-62a9ef7 e-flex e-con-boxed e-con e-parent\" data-id=\"62a9ef7\" data-element_type=\"container\" data-e-type=\"container\">\n\t\t\t\t\t<div class=\"e-con-inner\">\n\t\t\t\t<div class=\"elementor-element elementor-element-3aaf1225 elementor-widget elementor-widget-html\" data-id=\"3aaf1225\" data-element_type=\"widget\" data-e-type=\"widget\" data-widget_type=\"html.default\">\n\t\t\t\t<div class=\"elementor-widget-container\">\n\t\t\t\t\t<h2>1. Allgemeine Hinweise<\/h2>\n<\/p>Der Schutz Ihrer pers\u00f6nlichen Daten ist uns ein besonderes Anliegen. Wir verarbeiten Ihre Daten daher ausschlie\u00dflich auf Grundlage der gesetzlichen Bestimmungen (DSGVO, TKG 2003). In dieser Datenschutzerkl\u00e4rung informieren wir Sie \u00fcber die wichtigsten Aspekte der Datenverarbeitung im Rahmen unserer Website.\n<\/p>\n\n<h2>2. Kontaktaufnahme<\/h2>\n<p>Wenn Sie per Formular auf unserer Website oder per E-Mail Kontakt mit uns aufnehmen, werden die von Ihnen \u00fcbermittelten Daten zur Bearbeitung Ihrer Anfrage verwendet. Diese Daten werden vertraulich behandelt und nicht ohne Ihre ausdr\u00fcckliche Zustimmung weitergegeben. Wir speichern nur jene Daten, die unbedingt erforderlich sind, und nur so lange, wie es f\u00fcr die Erf\u00fcllung des jeweiligen Zwecks notwendig ist.<\/p>\n<h2>3. Cookies<\/h2>\n<p>Unsere Website verwendet sogenannte Cookies. Dabei handelt es sich um kleine Textdateien, die mit Hilfe des Browsers auf Ihrem Endger\u00e4t gespeichert werden. Sie richten keinen Schaden an und helfen uns dabei, unser Angebot nutzerfreundlicher zu gestalten. Sie k\u00f6nnen Ihren Browser so einstellen, dass er Sie \u00fcber das Setzen von Cookies informiert und Sie dies nur im Einzelfall erlauben.<\/p>\n\n<h2>4. Webanalyse<\/h2>\n<p>Diese Website verwendet keine Tools zur Webanalyse wie Google Analytics. Es werden keine personenbezogenen Daten zu statistischen Zwecken erhoben oder gespeichert.<\/p>\n\n<h2>5. Ihre Rechte<\/h2>\n<p>Sie haben das Recht auf Auskunft, Berichtigung, L\u00f6schung, Einschr\u00e4nkung, Daten\u00fcbertragbarkeit sowie Widerspruch gegen die Verarbeitung Ihrer Daten. Wenn Sie glauben, dass die Verarbeitung Ihrer Daten gegen das Datenschutzrecht verst\u00f6\u00dft, k\u00f6nnen Sie sich bei der Datenschutzbeh\u00f6rde beschweren (in \u00d6sterreich: <a href=\"https:\/\/www.dsb.gv.at\" target=\"_blank\">www.dsb.gv.at<\/a>).<\/p>\n\n<h2>6. Verantwortlicher<\/h2>\nHaus Martina Ehrwald<br>\nFamilie Zw\u00f6lfer<br>\nHauptstra\u00dfe 55<br>\n6632 Ehrwald<br>\nE-Mail: <a href=\"mailto:hausmartina.ehrwald@gmail.com\">hausmartina.ehrwald@gmail.com<\/a><br>\nTelefon: <a href=\"tel:+436506683638\">+43 650 668 3638<\/a>\n\t\t\t\t<\/div>\n\t\t\t\t<\/div>\n\t\t\t\t\t<\/div>\n\t\t\t\t<\/div>\n\t\t\t\t<\/div>\n\t\t","protected":false},"excerpt":{"rendered":"<p>1. Allgemeine Hinweise Der Schutz Ihrer pers\u00f6nlichen Daten ist uns ein besonderes Anliegen. Wir verarbeiten Ihre Daten daher ausschlie\u00dflich auf Grundlage der gesetzlichen Bestimmungen (DSGVO, TKG 2003). In dieser Datenschutzerkl\u00e4rung informieren wir Sie \u00fcber die wichtigsten Aspekte der Datenverarbeitung im Rahmen unserer Website. 2. Kontaktaufnahme Wenn Sie per Formular auf unserer Website oder per E-Mail [&hellip;]<\/p>\n","protected":false},"author":1,"featured_media":0,"parent":0,"menu_order":0,"comment_status":"closed","ping_status":"closed","template":"","meta":{"_eb_attr":"","ocean_post_layout":"","ocean_both_sidebars_style":"","ocean_both_sidebars_content_width":0,"ocean_both_sidebars_sidebars_width":0,"ocean_sidebar":"","ocean_second_sidebar":"","ocean_disable_margins":"enable","ocean_add_body_class":"","ocean_shortcode_before_top_bar":"","ocean_shortcode_after_top_bar":"","ocean_shortcode_before_header":"","ocean_shortcode_after_header":"","ocean_has_shortcode":"","ocean_shortcode_after_title":"","ocean_shortcode_before_footer_widgets":"","ocean_shortcode_after_footer_widgets":"","ocean_shortcode_before_footer_bottom":"","ocean_shortcode_after_footer_bottom":"","ocean_display_top_bar":"default","ocean_display_header":"default","ocean_header_style":"","ocean_center_header_left_menu":"","ocean_custom_header_template":"","ocean_custom_logo":0,"ocean_custom_retina_logo":0,"ocean_custom_logo_max_width":0,"ocean_custom_logo_tablet_max_width":0,"ocean_custom_logo_mobile_max_width":0,"ocean_custom_logo_max_height":0,"ocean_custom_logo_tablet_max_height":0,"ocean_custom_logo_mobile_max_height":0,"ocean_header_custom_menu":"","ocean_menu_typo_font_family":"","ocean_menu_typo_font_subset":"","ocean_menu_typo_font_size":0,"ocean_menu_typo_font_size_tablet":0,"ocean_menu_typo_font_size_mobile":0,"ocean_menu_typo_font_size_unit":"px","ocean_menu_typo_font_weight":"","ocean_menu_typo_font_weight_tablet":"","ocean_menu_typo_font_weight_mobile":"","ocean_menu_typo_transform":"","ocean_menu_typo_transform_tablet":"","ocean_menu_typo_transform_mobile":"","ocean_menu_typo_line_height":0,"ocean_menu_typo_line_height_tablet":0,"ocean_menu_typo_line_height_mobile":0,"ocean_menu_typo_line_height_unit":"","ocean_menu_typo_spacing":0,"ocean_menu_typo_spacing_tablet":0,"ocean_menu_typo_spacing_mobile":0,"ocean_menu_typo_spacing_unit":"","ocean_menu_link_color":"","ocean_menu_link_color_hover":"","ocean_menu_link_color_active":"","ocean_menu_link_background":"","ocean_menu_link_hover_background":"","ocean_menu_link_active_background":"","ocean_menu_social_links_bg":"","ocean_menu_social_hover_links_bg":"","ocean_menu_social_links_color":"","ocean_menu_social_hover_links_color":"","ocean_disable_title":"default","ocean_disable_heading":"default","ocean_post_title":"","ocean_post_subheading":"","ocean_post_title_style":"","ocean_post_title_background_color":"","ocean_post_title_background":0,"ocean_post_title_bg_image_position":"","ocean_post_title_bg_image_attachment":"","ocean_post_title_bg_image_repeat":"","ocean_post_title_bg_image_size":"","ocean_post_title_height":0,"ocean_post_title_bg_overlay":0.5,"ocean_post_title_bg_overlay_color":"","ocean_disable_breadcrumbs":"default","ocean_breadcrumbs_color":"","ocean_breadcrumbs_separator_color":"","ocean_breadcrumbs_links_color":"","ocean_breadcrumbs_links_hover_color":"","ocean_display_footer_widgets":"default","ocean_display_footer_bottom":"default","ocean_custom_footer_template":"","ofc_enable_fullscreen":"disable","ofc_fullscreen_speed":0,"ofc_fullscreen_nav":"enable","ofc_fullscreen_nav_pos":"right","ofc_fullscreen_nav_color":"","ofc_fullscreen_nav_tooltip_color":"","ofc_fullscreen_responsive":0,"osp_disable_panel":"default","osh_disable_topbar_sticky":"default","osh_disable_header_sticky":"default","osh_sticky_header_style":"default","osh_sticky_header_effect":"","osh_custom_sticky_logo":0,"osh_custom_retina_sticky_logo":0,"osh_custom_sticky_logo_height":0,"osh_background_color":"","osh_links_color":"","osh_links_hover_color":"","osh_links_active_color":"","osh_links_bg_color":"","osh_links_hover_bg_color":"","osh_links_active_bg_color":"","osh_menu_social_links_color":"","osh_menu_social_hover_links_color":"","footnotes":""},"class_list":["post-1793","page","type-page","status-publish","hentry","entry"],"_links":{"self":[{"href":"https:\/\/hausmartina-ehrwald.at\/index.php?rest_route=\/wp\/v2\/pages\/1793","targetHints":{"allow":["GET"]}}],"collection":[{"href":"https:\/\/hausmartina-ehrwald.at\/index.php?rest_route=\/wp\/v2\/pages"}],"about":[{"href":"https:\/\/hausmartina-ehrwald.at\/index.php?rest_route=\/wp\/v2\/types\/page"}],"author":[{"embeddable":true,"href":"https:\/\/hausmartina-ehrwald.at\/index.php?rest_route=\/wp\/v2\/users\/1"}],"replies":[{"embeddable":true,"href":"https:\/\/hausmartina-ehrwald.at\/index.php?rest_route=%2Fwp%2Fv2%2Fcomments&post=1793"}],"version-history":[{"count":7,"href":"https:\/\/hausmartina-ehrwald.at\/index.php?rest_route=\/wp\/v2\/pages\/1793\/revisions"}],"predecessor-version":[{"id":1805,"href":"https:\/\/hausmartina-ehrwald.at\/index.php?rest_route=\/wp\/v2\/pages\/1793\/revisions\/1805"}],"wp:attachment":[{"href":"https:\/\/hausmartina-ehrwald.at\/index.php?rest_route=%2Fwp%2Fv2%2Fmedia&parent=1793"}],"curies":[{"name":"wp","href":"https:\/\/api.w.org\/{rel}","templated":true}]}}